{"id":29051,"date":"2018-06-18T15:33:48","date_gmt":"2018-06-18T13:33:48","guid":{"rendered":"https:\/\/www.gynecoge.ch\/doctors\/"},"modified":"2022-07-19T09:13:17","modified_gmt":"2022-07-19T07:13:17","slug":"doctors","status":"publish","type":"page","link":"https:\/\/gynecoge.ch\/en\/doctors\/","title":{"rendered":"PHYSICIANS"},"content":{"rendered":"<p>[et_pb_section fb_built=&#8221;1&#8243; fullwidth=&#8221;on&#8221; admin_label=&#8221;Section&#8221; module_id=&#8221;home&#8221; _builder_version=&#8221;3.22&#8243; background_video_pause_outside_viewport=&#8221;off&#8221; custom_padding=&#8221;0px|0px|0px|0px&#8221; transparent_background=&#8221;off&#8221;][et_pb_fullwidth_slider admin_label=&#8221;Curseur de d\u00e9filement plein \u00e9cran&#8221; _builder_version=&#8221;3.16&#8243; header_font=&#8221;||||||||&#8221; background_image=&#8221;https:\/\/www.gynecoge.ch\/wp-content\/uploads\/2018\/06\/gynecoge-interieur-004.jpg&#8221; background_position=&#8221;top_left&#8221; button_alignment=&#8221;center&#8221; custom_padding=&#8221;|||&#8221; custom_padding_tablet=&#8221;|||&#8221; custom_padding_phone=&#8221;|||&#8221; remove_inner_shadow=&#8221;on&#8221; hide_content_on_mobile=&#8221;off&#8221; hide_cta_on_mobile=&#8221;off&#8221; show_inner_shadow=&#8221;off&#8221; button_text_size__hover_enabled=&#8221;off&#8221; button_one_text_size__hover_enabled=&#8221;off&#8221; button_two_text_size__hover_enabled=&#8221;off&#8221; button_text_color__hover_enabled=&#8221;off&#8221; button_one_text_color__hover_enabled=&#8221;off&#8221; button_two_text_color__hover_enabled=&#8221;off&#8221; button_border_width__hover_enabled=&#8221;off&#8221; button_one_border_width__hover_enabled=&#8221;off&#8221; button_two_border_width__hover_enabled=&#8221;off&#8221; button_border_color__hover_enabled=&#8221;off&#8221; button_one_border_color__hover_enabled=&#8221;off&#8221; button_two_border_color__hover_enabled=&#8221;off&#8221; button_border_radius__hover_enabled=&#8221;off&#8221; button_one_border_radius__hover_enabled=&#8221;off&#8221; button_two_border_radius__hover_enabled=&#8221;off&#8221; button_letter_spacing__hover_enabled=&#8221;off&#8221; button_one_letter_spacing__hover_enabled=&#8221;off&#8221; button_two_letter_spacing__hover_enabled=&#8221;off&#8221; button_bg_color__hover_enabled=&#8221;off&#8221; button_one_bg_color__hover_enabled=&#8221;off&#8221; button_two_bg_color__hover_enabled=&#8221;off&#8221;][et_pb_slide heading=&#8221;Physicians&#8221; use_bg_overlay=&#8221;on&#8221; bg_overlay_color=&#8221;rgba(0,0,0,0.5)&#8221; use_text_overlay=&#8221;off&#8221; _builder_version=&#8221;3.16&#8243; header_font=&#8221;||||||||&#8221; header_font_size=&#8221;60px&#8221; body_font=&#8221;||||&#8221; body_line_height=&#8221;1.5em&#8221; background_color=&#8221;#000000&#8243; background_position=&#8221;top_left&#8221; custom_button=&#8221;on&#8221; button_text_size=&#8221;16px&#8221; button_text_color=&#8221;#ffffff&#8221; button_border_color=&#8221;#ffffff&#8221; button_font=&#8221;||||&#8221; button_use_icon=&#8221;off&#8221; header_font_size_tablet=&#8221;50px&#8221; header_font_size_phone=&#8221;30px&#8221; header_font_size_last_edited=&#8221;on|phone&#8221; body_font_size_tablet=&#8221;&#8221; body_font_size_phone=&#8221;&#8221; body_font_size_last_edited=&#8221;on|tablet&#8221; body_line_height_tablet=&#8221;1.5em&#8221; body_line_height_phone=&#8221;1.5em&#8221; button_text_size_tablet=&#8221;16px&#8221; button_text_size_phone=&#8221;16px&#8221; button_text_size_last_edited=&#8221;on|desktop&#8221; button_text_color_hover=&#8221;#666666&#8243; button_bg_color_hover=&#8221;#ffffff&#8221; video_bg_mp4=&#8221;\/wp-content\/uploads\/2017\/02\/Office-Day-1080p.mp4&#8243; video_bg_webm=&#8221;\/wp-content\/uploads\/2017\/02\/Office-Day-1080p.webm&#8221; sticky_transition=&#8221;on&#8221; button_text_size__hover_enabled=&#8221;off&#8221; button_one_text_size__hover_enabled=&#8221;off&#8221; button_two_text_size__hover_enabled=&#8221;off&#8221; button_text_color__hover_enabled=&#8221;on&#8221; button_text_color__hover=&#8221;#666666&#8243; button_one_text_color__hover_enabled=&#8221;off&#8221; button_two_text_color__hover_enabled=&#8221;off&#8221; button_border_width__hover_enabled=&#8221;off&#8221; button_one_border_width__hover_enabled=&#8221;off&#8221; button_two_border_width__hover_enabled=&#8221;off&#8221; button_border_color__hover_enabled=&#8221;off&#8221; button_one_border_color__hover_enabled=&#8221;off&#8221; button_two_border_color__hover_enabled=&#8221;off&#8221; button_border_radius__hover_enabled=&#8221;off&#8221; button_one_border_radius__hover_enabled=&#8221;off&#8221; button_two_border_radius__hover_enabled=&#8221;off&#8221; button_letter_spacing__hover_enabled=&#8221;off&#8221; button_one_letter_spacing__hover_enabled=&#8221;off&#8221; button_two_letter_spacing__hover_enabled=&#8221;off&#8221; button_bg_color__hover_enabled=&#8221;on&#8221; button_bg_color__hover=&#8221;#ffffff&#8221; button_one_bg_color__hover_enabled=&#8221;off&#8221; button_two_bg_color__hover_enabled=&#8221;off&#8221;][\/et_pb_slide][\/et_pb_fullwidth_slider][\/et_pb_section][et_pb_section fb_built=&#8221;1&#8243; admin_label=&#8221;section&#8221; module_id=&#8221;team&#8221; _builder_version=&#8221;3.22&#8243; custom_padding=&#8221;0px|0px|30px|0px&#8221; transparent_background=&#8221;off&#8221;][et_pb_row custom_padding_last_edited=&#8221;on|phone&#8221; admin_label=&#8221;row&#8221; _builder_version=&#8221;3.25&#8243; background_size=&#8221;initial&#8221; background_position=&#8221;top_left&#8221; background_repeat=&#8221;repeat&#8221; max_width=&#8221;80%&#8221; custom_padding=&#8221;50px|0|0px|0|false|false&#8221; custom_padding_tablet=&#8221;50px|100px|100px|100px&#8221; custom_padding_phone=&#8221;50px|20px|100px|20px&#8221; use_custom_width=&#8221;on&#8221; width_unit=&#8221;off&#8221; column_structure=&#8221;1_2,1_2&#8243;][et_pb_column type=&#8221;1_2&#8243; _builder_version=&#8221;3.25&#8243; custom_padding=&#8221;|||&#8221; custom_padding__hover=&#8221;|||&#8221;][et_pb_team_member name=&#8221;Dre Nicole JASTROW MEYER&#8221; image_url=&#8221;https:\/\/www.gynecoge.ch\/wp-content\/uploads\/2018\/06\/Jastrow-Meyer-portrait-carr\u00e9.jpg&#8221; disabled_on=&#8221;off|off|off&#8221; _builder_version=&#8221;4.8.1&#8243; border_radii_image=&#8221;on|500px|500px|500px|500px&#8221; border_width_all_image=&#8221;1px&#8221; border_color_all_image=&#8221;#eb4da2&#8243;]<\/p>\n<p style=\"font-weight: 400;\">Nicole Jastrow Meyer obtained her medical degree from the Faculty of Medicine in Geneva in 1999 and has been a specialist in obstetrics and gynaecology since 2005. She completed a fellowship in maternal-fetal medicine at the H\u00f4pital Sainte Justine, Montreal, from 2007 to 2009. She obtained her specialist title in maternal-fetal medicine in 2017.<br \/>\nShe has been a Privat Docent at the Faculty of Medicine in Geneva since 2014.<\/p>\n<p><span style=\"font-weight: 400;\">In addition to her private practice, <\/span><span style=\"font-weight: 400;\">she is currently an associate doctor at the HUG Maternity Hospital at 10% in the Fetal Medicine and Ultrasound Unit, Obstetrics Department.<\/span>[\/et_pb_team_member][et_pb_button button_url=&#8221;https:\/\/www.gynecoge.ch\/nicole-jastrow-meyer\/?lang=en&#8221; button_text=&#8221;more information&#8221; _builder_version=&#8221;3.16&#8243; button_text_size__hover_enabled=&#8221;off&#8221; button_one_text_size__hover_enabled=&#8221;off&#8221; button_two_text_size__hover_enabled=&#8221;off&#8221; button_text_color__hover_enabled=&#8221;off&#8221; button_one_text_color__hover_enabled=&#8221;off&#8221; button_two_text_color__hover_enabled=&#8221;off&#8221; button_border_width__hover_enabled=&#8221;off&#8221; button_one_border_width__hover_enabled=&#8221;off&#8221; button_two_border_width__hover_enabled=&#8221;off&#8221; button_border_color__hover_enabled=&#8221;off&#8221; button_one_border_color__hover_enabled=&#8221;off&#8221; button_two_border_color__hover_enabled=&#8221;off&#8221; button_border_radius__hover_enabled=&#8221;off&#8221; button_one_border_radius__hover_enabled=&#8221;off&#8221; button_two_border_radius__hover_enabled=&#8221;off&#8221; button_letter_spacing__hover_enabled=&#8221;off&#8221; button_one_letter_spacing__hover_enabled=&#8221;off&#8221; button_two_letter_spacing__hover_enabled=&#8221;off&#8221; button_bg_color__hover_enabled=&#8221;off&#8221; button_one_bg_color__hover_enabled=&#8221;off&#8221; button_two_bg_color__hover_enabled=&#8221;off&#8221;][\/et_pb_button][\/et_pb_column][et_pb_column type=&#8221;1_2&#8243; _builder_version=&#8221;3.25&#8243; custom_padding=&#8221;|||&#8221; custom_padding__hover=&#8221;|||&#8221;][et_pb_team_member name=&#8221;Antonella VALITON-CRUSI, M. D.&#8221; image_url=&#8221;https:\/\/www.gynecoge.ch\/wp-content\/uploads\/2018\/06\/Valiton-Crusi-portrait-carr\u00e9.jpg&#8221; _builder_version=&#8221;4.8.1&#8243; hover_enabled=&#8221;0&#8243; border_radii_image=&#8221;on|500px|500px|500px|500px&#8221; border_width_all_image=&#8221;1px&#8221; border_color_all_image=&#8221;#eb4da2&#8243; sticky_enabled=&#8221;0&#8243;]M\u00e9decin cheffe de la maternit\u00e9 de l\u2019h\u00f4pital de la Tour<br \/>\nSp\u00e9cialiste FMH en gyn\u00e9cologie et Obst\u00e9trique<br \/>\n\u00ab C\u00e9sariennes douces \u00bb, \u00ab c\u00e9sariennes participatives \u00bb<br \/>\n[\/et_pb_team_member][et_pb_button button_text=&#8221;more information&#8221; _builder_version=&#8221;4.8.1&#8243; _module_preset=&#8221;default&#8221; button_url=&#8221;@ET-DC@eyJkeW5hbWljIjp0cnVlLCJjb250ZW50IjoicG9zdF9saW5rX3VybF9wYWdlIiwic2V0dGluZ3MiOnsicG9zdF9pZCI6IjI5MTg4In19@&#8221; _dynamic_attributes=&#8221;button_url&#8221; hover_enabled=&#8221;0&#8243; sticky_enabled=&#8221;0&#8243;][\/et_pb_button][\/et_pb_column][\/et_pb_row][\/et_pb_section]<\/p>\n","protected":false},"excerpt":{"rendered":"<p>Nicole Jastrow Meyer obtained her medical degree from the Faculty of Medicine in Geneva in 1999 and has been a specialist in obstetrics and gynaecology since 2005. She completed a fellowship in maternal-fetal medicine at the H\u00f4pital Sainte Justine, Montreal, from 2007 to 2009. She obtained her specialist title in maternal-fetal medicine in 2017. She [&hellip;]<\/p>\n","protected":false},"author":1,"featured_media":0,"parent":0,"menu_order":0,"comment_status":"closed","ping_status":"closed","template":"","meta":{"_et_pb_use_builder":"on","_et_pb_old_content":"","_et_gb_content_width":"","footnotes":""},"class_list":["post-29051","page","type-page","status-publish","hentry"],"_links":{"self":[{"href":"https:\/\/gynecoge.ch\/en\/wp-json\/wp\/v2\/pages\/29051","targetHints":{"allow":["GET"]}}],"collection":[{"href":"https:\/\/gynecoge.ch\/en\/wp-json\/wp\/v2\/pages"}],"about":[{"href":"https:\/\/gynecoge.ch\/en\/wp-json\/wp\/v2\/types\/page"}],"author":[{"embeddable":true,"href":"https:\/\/gynecoge.ch\/en\/wp-json\/wp\/v2\/users\/1"}],"replies":[{"embeddable":true,"href":"https:\/\/gynecoge.ch\/en\/wp-json\/wp\/v2\/comments?post=29051"}],"version-history":[{"count":11,"href":"https:\/\/gynecoge.ch\/en\/wp-json\/wp\/v2\/pages\/29051\/revisions"}],"predecessor-version":[{"id":29252,"href":"https:\/\/gynecoge.ch\/en\/wp-json\/wp\/v2\/pages\/29051\/revisions\/29252"}],"wp:attachment":[{"href":"https:\/\/gynecoge.ch\/en\/wp-json\/wp\/v2\/media?parent=29051"}],"curies":[{"name":"wp","href":"https:\/\/api.w.org\/{rel}","templated":true}]}}